{"id":85932,"date":"2026-03-02T10:36:50","date_gmt":"2026-03-02T09:36:50","guid":{"rendered":"https:\/\/turismo.benicassim.es\/producto\/equilibrismo-en-el-desert-de-les-palmes\/"},"modified":"2026-03-02T10:58:22","modified_gmt":"2026-03-02T09:58:22","slug":"equilibrismo-en-el-desert-de-les-palmes","status":"publish","type":"product","link":"https:\/\/turismo.benicassim.es\/va\/producte\/equilibrismo-en-el-desert-de-les-palmes\/","title":{"rendered":"Equilibrisme en el Desert de les Palmes"},"content":{"rendered":"<p><strong>Diumenge, 19 d&#8217;abril de 2026 (8:00 \u2013 12:00 h)<\/strong><br \/>\nLloc: P\u00e0rquing del Monestir del Desert de les Palmes<br \/>\n<a href=\"https:\/\/goo.gl\/maps\/pkYhn3xpNoG61QWh6\">https:\/\/goo.gl\/maps\/pkYhn3xpNoG61QWh6<\/a><br \/>\nDist\u00e0ncia: 7,5 km.<br \/>\nDificultat: Moderada\/alta.<br \/>\nP\u00fablic recomanat: P\u00fablic senderista (a partir de 8 anys).<br \/>\nPreu: 3 \u20ac (1,5 \u20ac redu\u00efda).<br \/>\nDescripci\u00f3: Realitzarem una fascinant ruta senderista plena de sorpreses naturals i amb les millors vistes, no sols de la costa de Benic\u00e0ssim i bona part de la de tota la prov\u00edncia, sin\u00f3 tamb\u00e9 de l&#8217;escarpat i verd interior de la prov\u00edncia, aix\u00ed com del lluny\u00e0 Penyagolosa, el Gegant de Pedra que connecta a tots els castellonencs amb els nostres ancestres. Caminarem parell les Crestes del Desert i culminarem la ruta ascendint al mont Bartolo, m\u00edtic cim del parc natural on un heroi de la ci\u00e8ncia francesa, Pierre M\u00e9chain, va desenvolupar les seues teories del sistema m\u00e8tric.<br \/>\nRecomanacions: Cal\u00e7at i roba esportiva, aigua i esmorzar.<\/p>\n","protected":false},"excerpt":{"rendered":"<p>Diumenge, 19 d&#8217;abril de 2026 (8:00 \u2013 12:00 h) Lloc: P\u00e0rquing del Monestir del Desert de les Palmes https:\/\/goo.gl\/maps\/pkYhn3xpNoG61QWh6 Dist\u00e0ncia: 7,5 km. Dificultat: Moderada\/alta. P\u00fablic recomanat: P\u00fablic senderista (a partir de 8 anys). Preu: 3 \u20ac (1,5 \u20ac redu\u00efda). Descripci\u00f3: Realitzarem una fascinant ruta senderista plena de sorpreses naturals i amb les millors vistes, no [&hellip;]<\/p>\n","protected":false},"featured_media":77267,"template":"","meta":{"_acf_changed":false},"product_brand":[],"product_cat":[1245],"product_tag":[339,760,623,1148],"class_list":{"0":"post-85932","1":"product","2":"type-product","3":"status-publish","4":"has-post-thumbnail","6":"product_cat-equilibrismo-en-el-desert-de-les-palmes-va","7":"product_tag-programa-oficial-de-visitas-guiadas-va","8":"product_tag-programa-oficial-de-visitas-guiadas-benicassim-va","9":"product_tag-rutas-guiadas-benicassim-va","10":"product_tag-senderismo-va","12":"first","13":"instock","14":"shipping-taxable","15":"purchasable","16":"product-type-variable"},"acf":[],"yoast_head":"<!-- This site is optimized with the Yoast SEO plugin v27.4 - https:\/\/yoast.com\/product\/yoast-seo-wordpress\/ -->\n<title>Equilibrisme en el Desert de les Palmes - Benic\u00e0ssim Turismo<\/title>\n<meta name=\"robots\" content=\"index, follow, max-snippet:-1, max-image-preview:large, max-video-preview:-1\" \/>\n<link rel=\"canonical\" href=\"https:\/\/turismo.benicassim.es\/va\/producte\/equilibrismo-en-el-desert-de-les-palmes\/\" \/>\n<meta property=\"og:locale\" content=\"en_US\" \/>\n<meta property=\"og:type\" content=\"article\" \/>\n<meta property=\"og:title\" content=\"Equilibrisme en el Desert de les Palmes - Benic\u00e0ssim Turismo\" \/>\n<meta property=\"og:description\" content=\"Diumenge, 19 d&#8217;abril de 2026 (8:00 \u2013 12:00 h) Lloc: P\u00e0rquing del Monestir del Desert de les Palmes https:\/\/goo.gl\/maps\/pkYhn3xpNoG61QWh6 Dist\u00e0ncia: 7,5 km. Dificultat: Moderada\/alta. P\u00fablic recomanat: P\u00fablic senderista (a partir de 8 anys). Preu: 3 \u20ac (1,5 \u20ac redu\u00efda). Descripci\u00f3: Realitzarem una fascinant ruta senderista plena de sorpreses naturals i amb les millors vistes, no [&hellip;]\" \/>\n<meta property=\"og:url\" content=\"https:\/\/turismo.benicassim.es\/va\/producte\/equilibrismo-en-el-desert-de-les-palmes\/\" \/>\n<meta property=\"og:site_name\" content=\"Benic\u00e0ssim Turismo\" \/>\n<meta property=\"article:modified_time\" content=\"2026-03-02T09:58:22+00:00\" \/>\n<meta property=\"og:image\" content=\"https:\/\/turismo.benicassim.es\/wp-content\/uploads\/2024\/07\/Equilibrismo-1024x957.png\" \/>\n\t<meta property=\"og:image:width\" content=\"1024\" \/>\n\t<meta property=\"og:image:height\" content=\"957\" \/>\n\t<meta property=\"og:image:type\" content=\"image\/png\" \/>\n<meta name=\"twitter:card\" content=\"summary_large_image\" \/>\n<meta name=\"twitter:label1\" content=\"Est. reading time\" \/>\n\t<meta name=\"twitter:data1\" content=\"1 minute\" \/>\n<script type=\"application\/ld+json\" class=\"yoast-schema-graph\">{\"@context\":\"https:\\\/\\\/schema.org\",\"@graph\":[{\"@type\":\"WebPage\",\"@id\":\"https:\\\/\\\/turismo.benicassim.es\\\/va\\\/producte\\\/equilibrismo-en-el-desert-de-les-palmes\\\/\",\"url\":\"https:\\\/\\\/turismo.benicassim.es\\\/va\\\/producte\\\/equilibrismo-en-el-desert-de-les-palmes\\\/\",\"name\":\"Equilibrisme en el Desert de les Palmes - Benic\u00e0ssim Turismo\",\"isPartOf\":{\"@id\":\"https:\\\/\\\/turismo.benicassim.es\\\/va\\\/#website\"},\"primaryImageOfPage\":{\"@id\":\"https:\\\/\\\/turismo.benicassim.es\\\/va\\\/producte\\\/equilibrismo-en-el-desert-de-les-palmes\\\/#primaryimage\"},\"image\":{\"@id\":\"https:\\\/\\\/turismo.benicassim.es\\\/va\\\/producte\\\/equilibrismo-en-el-desert-de-les-palmes\\\/#primaryimage\"},\"thumbnailUrl\":\"https:\\\/\\\/turismo.benicassim.es\\\/wp-content\\\/uploads\\\/2024\\\/07\\\/Equilibrismo.png\",\"datePublished\":\"2026-03-02T09:36:50+00:00\",\"dateModified\":\"2026-03-02T09:58:22+00:00\",\"breadcrumb\":{\"@id\":\"https:\\\/\\\/turismo.benicassim.es\\\/va\\\/producte\\\/equilibrismo-en-el-desert-de-les-palmes\\\/#breadcrumb\"},\"inLanguage\":\"ca-CA\",\"potentialAction\":[{\"@type\":\"ReadAction\",\"target\":[\"https:\\\/\\\/turismo.benicassim.es\\\/va\\\/producte\\\/equilibrismo-en-el-desert-de-les-palmes\\\/\"]}]},{\"@type\":\"ImageObject\",\"inLanguage\":\"ca-CA\",\"@id\":\"https:\\\/\\\/turismo.benicassim.es\\\/va\\\/producte\\\/equilibrismo-en-el-desert-de-les-palmes\\\/#primaryimage\",\"url\":\"https:\\\/\\\/turismo.benicassim.es\\\/wp-content\\\/uploads\\\/2024\\\/07\\\/Equilibrismo.png\",\"contentUrl\":\"https:\\\/\\\/turismo.benicassim.es\\\/wp-content\\\/uploads\\\/2024\\\/07\\\/Equilibrismo.png\",\"width\":1256,\"height\":1174},{\"@type\":\"BreadcrumbList\",\"@id\":\"https:\\\/\\\/turismo.benicassim.es\\\/va\\\/producte\\\/equilibrismo-en-el-desert-de-les-palmes\\\/#breadcrumb\",\"itemListElement\":[{\"@type\":\"ListItem\",\"position\":1,\"name\":\"Inicio\",\"item\":\"https:\\\/\\\/turismo.benicassim.es\\\/va\\\/\"},{\"@type\":\"ListItem\",\"position\":2,\"name\":\"Tenda\",\"item\":\"https:\\\/\\\/turismo.benicassim.es\\\/va\\\/tenda\\\/\"},{\"@type\":\"ListItem\",\"position\":3,\"name\":\"Equilibrisme en el Desert de les Palmes\"}]},{\"@type\":\"WebSite\",\"@id\":\"https:\\\/\\\/turismo.benicassim.es\\\/va\\\/#website\",\"url\":\"https:\\\/\\\/turismo.benicassim.es\\\/va\\\/\",\"name\":\"Benic\u00e0ssim Turismo\",\"description\":\"Web de informaci\u00f3n de Turismo en Benicasim\",\"potentialAction\":[{\"@type\":\"SearchAction\",\"target\":{\"@type\":\"EntryPoint\",\"urlTemplate\":\"https:\\\/\\\/turismo.benicassim.es\\\/va\\\/?s={search_term_string}\"},\"query-input\":{\"@type\":\"PropertyValueSpecification\",\"valueRequired\":true,\"valueName\":\"search_term_string\"}}],\"inLanguage\":\"ca-CA\"}]}<\/script>\n<!-- \/ Yoast SEO plugin. -->","yoast_head_json":{"title":"Equilibrisme en el Desert de les Palmes - Benic\u00e0ssim Turismo","robots":{"index":"index","follow":"follow","max-snippet":"max-snippet:-1","max-image-preview":"max-image-preview:large","max-video-preview":"max-video-preview:-1"},"canonical":"https:\/\/turismo.benicassim.es\/va\/producte\/equilibrismo-en-el-desert-de-les-palmes\/","og_locale":"en_US","og_type":"article","og_title":"Equilibrisme en el Desert de les Palmes - Benic\u00e0ssim Turismo","og_description":"Diumenge, 19 d&#8217;abril de 2026 (8:00 \u2013 12:00 h) Lloc: P\u00e0rquing del Monestir del Desert de les Palmes https:\/\/goo.gl\/maps\/pkYhn3xpNoG61QWh6 Dist\u00e0ncia: 7,5 km. Dificultat: Moderada\/alta. P\u00fablic recomanat: P\u00fablic senderista (a partir de 8 anys). Preu: 3 \u20ac (1,5 \u20ac redu\u00efda). Descripci\u00f3: Realitzarem una fascinant ruta senderista plena de sorpreses naturals i amb les millors vistes, no [&hellip;]","og_url":"https:\/\/turismo.benicassim.es\/va\/producte\/equilibrismo-en-el-desert-de-les-palmes\/","og_site_name":"Benic\u00e0ssim Turismo","article_modified_time":"2026-03-02T09:58:22+00:00","og_image":[{"width":1024,"height":957,"url":"https:\/\/turismo.benicassim.es\/wp-content\/uploads\/2024\/07\/Equilibrismo-1024x957.png","type":"image\/png"}],"twitter_card":"summary_large_image","twitter_misc":{"Est. reading time":"1 minute"},"schema":{"@context":"https:\/\/schema.org","@graph":[{"@type":"WebPage","@id":"https:\/\/turismo.benicassim.es\/va\/producte\/equilibrismo-en-el-desert-de-les-palmes\/","url":"https:\/\/turismo.benicassim.es\/va\/producte\/equilibrismo-en-el-desert-de-les-palmes\/","name":"Equilibrisme en el Desert de les Palmes - Benic\u00e0ssim Turismo","isPartOf":{"@id":"https:\/\/turismo.benicassim.es\/va\/#website"},"primaryImageOfPage":{"@id":"https:\/\/turismo.benicassim.es\/va\/producte\/equilibrismo-en-el-desert-de-les-palmes\/#primaryimage"},"image":{"@id":"https:\/\/turismo.benicassim.es\/va\/producte\/equilibrismo-en-el-desert-de-les-palmes\/#primaryimage"},"thumbnailUrl":"https:\/\/turismo.benicassim.es\/wp-content\/uploads\/2024\/07\/Equilibrismo.png","datePublished":"2026-03-02T09:36:50+00:00","dateModified":"2026-03-02T09:58:22+00:00","breadcrumb":{"@id":"https:\/\/turismo.benicassim.es\/va\/producte\/equilibrismo-en-el-desert-de-les-palmes\/#breadcrumb"},"inLanguage":"ca-CA","potentialAction":[{"@type":"ReadAction","target":["https:\/\/turismo.benicassim.es\/va\/producte\/equilibrismo-en-el-desert-de-les-palmes\/"]}]},{"@type":"ImageObject","inLanguage":"ca-CA","@id":"https:\/\/turismo.benicassim.es\/va\/producte\/equilibrismo-en-el-desert-de-les-palmes\/#primaryimage","url":"https:\/\/turismo.benicassim.es\/wp-content\/uploads\/2024\/07\/Equilibrismo.png","contentUrl":"https:\/\/turismo.benicassim.es\/wp-content\/uploads\/2024\/07\/Equilibrismo.png","width":1256,"height":1174},{"@type":"BreadcrumbList","@id":"https:\/\/turismo.benicassim.es\/va\/producte\/equilibrismo-en-el-desert-de-les-palmes\/#breadcrumb","itemListElement":[{"@type":"ListItem","position":1,"name":"Inicio","item":"https:\/\/turismo.benicassim.es\/va\/"},{"@type":"ListItem","position":2,"name":"Tenda","item":"https:\/\/turismo.benicassim.es\/va\/tenda\/"},{"@type":"ListItem","position":3,"name":"Equilibrisme en el Desert de les Palmes"}]},{"@type":"WebSite","@id":"https:\/\/turismo.benicassim.es\/va\/#website","url":"https:\/\/turismo.benicassim.es\/va\/","name":"Benic\u00e0ssim Turismo","description":"Web de informaci\u00f3n de Turismo en Benicasim","potentialAction":[{"@type":"SearchAction","target":{"@type":"EntryPoint","urlTemplate":"https:\/\/turismo.benicassim.es\/va\/?s={search_term_string}"},"query-input":{"@type":"PropertyValueSpecification","valueRequired":true,"valueName":"search_term_string"}}],"inLanguage":"ca-CA"}]}},"_links":{"self":[{"href":"https:\/\/turismo.benicassim.es\/va\/wp-json\/wp\/v2\/product\/85932","targetHints":{"allow":["GET"]}}],"collection":[{"href":"https:\/\/turismo.benicassim.es\/va\/wp-json\/wp\/v2\/product"}],"about":[{"href":"https:\/\/turismo.benicassim.es\/va\/wp-json\/wp\/v2\/types\/product"}],"wp:featuredmedia":[{"embeddable":true,"href":"https:\/\/turismo.benicassim.es\/va\/wp-json\/wp\/v2\/media\/77267"}],"wp:attachment":[{"href":"https:\/\/turismo.benicassim.es\/va\/wp-json\/wp\/v2\/media?parent=85932"}],"wp:term":[{"taxonomy":"product_brand","embeddable":true,"href":"https:\/\/turismo.benicassim.es\/va\/wp-json\/wp\/v2\/product_brand?post=85932"},{"taxonomy":"product_cat","embeddable":true,"href":"https:\/\/turismo.benicassim.es\/va\/wp-json\/wp\/v2\/product_cat?post=85932"},{"taxonomy":"product_tag","embeddable":true,"href":"https:\/\/turismo.benicassim.es\/va\/wp-json\/wp\/v2\/product_tag?post=85932"}],"curies":[{"name":"wp","href":"https:\/\/api.w.org\/{rel}","templated":true}]}}