{"id":86871,"date":"2026-04-24T09:48:22","date_gmt":"2026-04-24T07:48:22","guid":{"rendered":"https:\/\/turismo.benicassim.es\/producto\/silencio-se-rueda-sabado-2-de-mayo-de-2026\/"},"modified":"2026-04-24T10:00:56","modified_gmt":"2026-04-24T08:00:56","slug":"silencio-se-rueda-sabado-2-de-mayo-de-2026","status":"publish","type":"product","link":"https:\/\/turismo.benicassim.es\/va\/producte\/silencio-se-rueda-sabado-2-de-mayo-de-2026\/","title":{"rendered":"Silenci! Es roda. Dissabte, 2 de maig de 2026"},"content":{"rendered":"<p>Dissabte, 2 de maig de 2026 (10:30 h \u2013 12:30 h)<br \/>\nLloc: Hotel Voramar. P. Pilar Coloma, 1.<br \/>\nDist\u00e0ncia: 2 km &#8211; Per la Ruta de les Vil\u00b7les.<br \/>\nDificultat: Baixa.<br \/>\nP\u00fablic recomanat: tem\u00e0tica per a adults.<br \/>\nPreu: 3 \u20ac (1,5 \u20ac redu\u00efda).<br \/>\nDescripci\u00f3: La terra valenciana \u00e9s, des de principis del s. XX, un terreny adobat perqu\u00e8 productors i directors de tot el m\u00f3n establisquen ac\u00ed no sols els seus sets de rodatge, sin\u00f3 fins i tot les seues cases. Acompanyeu-nos en aquest viatge per a seguir els passos de guionistes, directors i actors que han treballat portant al cel\u00b7luloide els escenaris de Benic\u00e0ssim i han sigut protagonistes de les m\u00e9s rocambolesques hist\u00f2ries i, fins i tot, d&#8217;intrigues i tafaneries pr\u00f2pies de l&#8217;ecl\u00e8ctica societat del passat segle. Berlanga, Bardem, Rafael Gil, Brigitte Bardot, Sara Montiel, Blasco Ib\u00e1\u00f1ez s\u00f3n nom\u00e9s alguns dels quals caminaran al nostre costat.<br \/>\nRecomanacions: Aigua, cal\u00e7at i roba c\u00f2moda.<\/p>\n","protected":false},"excerpt":{"rendered":"<p>Dissabte, 2 de maig de 2026 (10:30 h \u2013 12:30 h) Lloc: Hotel Voramar. P. Pilar Coloma, 1. Dist\u00e0ncia: 2 km &#8211; Per la Ruta de les Vil\u00b7les. Dificultat: Baixa. P\u00fablic recomanat: tem\u00e0tica per a adults. Preu: 3 \u20ac (1,5 \u20ac redu\u00efda). Descripci\u00f3: La terra valenciana \u00e9s, des de principis del s. XX, un terreny [&hellip;]<\/p>\n","protected":false},"featured_media":79714,"template":"","meta":{"_acf_changed":false},"product_brand":[],"product_cat":[1194],"product_tag":[339,1041,554,555],"class_list":{"0":"post-86871","1":"product","2":"type-product","3":"status-publish","4":"has-post-thumbnail","6":"product_cat-silencio-se-rueda-va","7":"product_tag-programa-oficial-de-visitas-guiadas-va","8":"product_tag-visita-lengua-de-signos-va","9":"product_tag-visitas-guiadas-benicassim-va","10":"product_tag-visites-guiades-benicassim","12":"first","13":"instock","14":"shipping-taxable","15":"purchasable","16":"product-type-variable"},"acf":[],"yoast_head":"<!-- This site is optimized with the Yoast SEO plugin v27.4 - https:\/\/yoast.com\/product\/yoast-seo-wordpress\/ -->\n<title>Silenci! Es roda. Dissabte, 2 de maig de 2026 - Benic\u00e0ssim Turismo<\/title>\n<meta name=\"robots\" content=\"index, follow, max-snippet:-1, max-image-preview:large, max-video-preview:-1\" \/>\n<link rel=\"canonical\" href=\"https:\/\/turismo.benicassim.es\/va\/producte\/silencio-se-rueda-sabado-2-de-mayo-de-2026\/\" \/>\n<meta property=\"og:locale\" content=\"en_US\" \/>\n<meta property=\"og:type\" content=\"article\" \/>\n<meta property=\"og:title\" content=\"Silenci! Es roda. Dissabte, 2 de maig de 2026 - Benic\u00e0ssim Turismo\" \/>\n<meta property=\"og:description\" content=\"Dissabte, 2 de maig de 2026 (10:30 h \u2013 12:30 h) Lloc: Hotel Voramar. P. Pilar Coloma, 1. Dist\u00e0ncia: 2 km &#8211; Per la Ruta de les Vil\u00b7les. Dificultat: Baixa. P\u00fablic recomanat: tem\u00e0tica per a adults. Preu: 3 \u20ac (1,5 \u20ac redu\u00efda). Descripci\u00f3: La terra valenciana \u00e9s, des de principis del s. XX, un terreny [&hellip;]\" \/>\n<meta property=\"og:url\" content=\"https:\/\/turismo.benicassim.es\/va\/producte\/silencio-se-rueda-sabado-2-de-mayo-de-2026\/\" \/>\n<meta property=\"og:site_name\" content=\"Benic\u00e0ssim Turismo\" \/>\n<meta property=\"article:modified_time\" content=\"2026-04-24T08:00:56+00:00\" \/>\n<meta property=\"og:image\" content=\"https:\/\/turismo.benicassim.es\/wp-content\/uploads\/2025\/01\/\u00a1Silencio-Se-rueda.png\" \/>\n\t<meta property=\"og:image:width\" content=\"760\" \/>\n\t<meta property=\"og:image:height\" content=\"547\" \/>\n\t<meta property=\"og:image:type\" content=\"image\/png\" \/>\n<meta name=\"twitter:card\" content=\"summary_large_image\" \/>\n<meta name=\"twitter:label1\" content=\"Est. reading time\" \/>\n\t<meta name=\"twitter:data1\" content=\"1 minute\" \/>\n<script type=\"application\/ld+json\" class=\"yoast-schema-graph\">{\"@context\":\"https:\\\/\\\/schema.org\",\"@graph\":[{\"@type\":\"WebPage\",\"@id\":\"https:\\\/\\\/turismo.benicassim.es\\\/va\\\/producte\\\/silencio-se-rueda-sabado-2-de-mayo-de-2026\\\/\",\"url\":\"https:\\\/\\\/turismo.benicassim.es\\\/va\\\/producte\\\/silencio-se-rueda-sabado-2-de-mayo-de-2026\\\/\",\"name\":\"Silenci! Es roda. Dissabte, 2 de maig de 2026 - Benic\u00e0ssim Turismo\",\"isPartOf\":{\"@id\":\"https:\\\/\\\/turismo.benicassim.es\\\/va\\\/#website\"},\"primaryImageOfPage\":{\"@id\":\"https:\\\/\\\/turismo.benicassim.es\\\/va\\\/producte\\\/silencio-se-rueda-sabado-2-de-mayo-de-2026\\\/#primaryimage\"},\"image\":{\"@id\":\"https:\\\/\\\/turismo.benicassim.es\\\/va\\\/producte\\\/silencio-se-rueda-sabado-2-de-mayo-de-2026\\\/#primaryimage\"},\"thumbnailUrl\":\"https:\\\/\\\/turismo.benicassim.es\\\/wp-content\\\/uploads\\\/2025\\\/01\\\/\u00a1Silencio-Se-rueda.png\",\"datePublished\":\"2026-04-24T07:48:22+00:00\",\"dateModified\":\"2026-04-24T08:00:56+00:00\",\"breadcrumb\":{\"@id\":\"https:\\\/\\\/turismo.benicassim.es\\\/va\\\/producte\\\/silencio-se-rueda-sabado-2-de-mayo-de-2026\\\/#breadcrumb\"},\"inLanguage\":\"ca-CA\",\"potentialAction\":[{\"@type\":\"ReadAction\",\"target\":[\"https:\\\/\\\/turismo.benicassim.es\\\/va\\\/producte\\\/silencio-se-rueda-sabado-2-de-mayo-de-2026\\\/\"]}]},{\"@type\":\"ImageObject\",\"inLanguage\":\"ca-CA\",\"@id\":\"https:\\\/\\\/turismo.benicassim.es\\\/va\\\/producte\\\/silencio-se-rueda-sabado-2-de-mayo-de-2026\\\/#primaryimage\",\"url\":\"https:\\\/\\\/turismo.benicassim.es\\\/wp-content\\\/uploads\\\/2025\\\/01\\\/\u00a1Silencio-Se-rueda.png\",\"contentUrl\":\"https:\\\/\\\/turismo.benicassim.es\\\/wp-content\\\/uploads\\\/2025\\\/01\\\/\u00a1Silencio-Se-rueda.png\",\"width\":760,\"height\":547},{\"@type\":\"BreadcrumbList\",\"@id\":\"https:\\\/\\\/turismo.benicassim.es\\\/va\\\/producte\\\/silencio-se-rueda-sabado-2-de-mayo-de-2026\\\/#breadcrumb\",\"itemListElement\":[{\"@type\":\"ListItem\",\"position\":1,\"name\":\"Inicio\",\"item\":\"https:\\\/\\\/turismo.benicassim.es\\\/va\\\/\"},{\"@type\":\"ListItem\",\"position\":2,\"name\":\"Tenda\",\"item\":\"https:\\\/\\\/turismo.benicassim.es\\\/va\\\/tenda\\\/\"},{\"@type\":\"ListItem\",\"position\":3,\"name\":\"Silenci! Es roda. Dissabte, 2 de maig de 2026\"}]},{\"@type\":\"WebSite\",\"@id\":\"https:\\\/\\\/turismo.benicassim.es\\\/va\\\/#website\",\"url\":\"https:\\\/\\\/turismo.benicassim.es\\\/va\\\/\",\"name\":\"Benic\u00e0ssim Turismo\",\"description\":\"Web de informaci\u00f3n de Turismo en Benicasim\",\"potentialAction\":[{\"@type\":\"SearchAction\",\"target\":{\"@type\":\"EntryPoint\",\"urlTemplate\":\"https:\\\/\\\/turismo.benicassim.es\\\/va\\\/?s={search_term_string}\"},\"query-input\":{\"@type\":\"PropertyValueSpecification\",\"valueRequired\":true,\"valueName\":\"search_term_string\"}}],\"inLanguage\":\"ca-CA\"}]}<\/script>\n<!-- \/ Yoast SEO plugin. -->","yoast_head_json":{"title":"Silenci! Es roda. Dissabte, 2 de maig de 2026 - Benic\u00e0ssim Turismo","robots":{"index":"index","follow":"follow","max-snippet":"max-snippet:-1","max-image-preview":"max-image-preview:large","max-video-preview":"max-video-preview:-1"},"canonical":"https:\/\/turismo.benicassim.es\/va\/producte\/silencio-se-rueda-sabado-2-de-mayo-de-2026\/","og_locale":"en_US","og_type":"article","og_title":"Silenci! Es roda. Dissabte, 2 de maig de 2026 - Benic\u00e0ssim Turismo","og_description":"Dissabte, 2 de maig de 2026 (10:30 h \u2013 12:30 h) Lloc: Hotel Voramar. P. Pilar Coloma, 1. Dist\u00e0ncia: 2 km &#8211; Per la Ruta de les Vil\u00b7les. Dificultat: Baixa. P\u00fablic recomanat: tem\u00e0tica per a adults. Preu: 3 \u20ac (1,5 \u20ac redu\u00efda). Descripci\u00f3: La terra valenciana \u00e9s, des de principis del s. XX, un terreny [&hellip;]","og_url":"https:\/\/turismo.benicassim.es\/va\/producte\/silencio-se-rueda-sabado-2-de-mayo-de-2026\/","og_site_name":"Benic\u00e0ssim Turismo","article_modified_time":"2026-04-24T08:00:56+00:00","og_image":[{"width":760,"height":547,"url":"https:\/\/turismo.benicassim.es\/wp-content\/uploads\/2025\/01\/\u00a1Silencio-Se-rueda.png","type":"image\/png"}],"twitter_card":"summary_large_image","twitter_misc":{"Est. reading time":"1 minute"},"schema":{"@context":"https:\/\/schema.org","@graph":[{"@type":"WebPage","@id":"https:\/\/turismo.benicassim.es\/va\/producte\/silencio-se-rueda-sabado-2-de-mayo-de-2026\/","url":"https:\/\/turismo.benicassim.es\/va\/producte\/silencio-se-rueda-sabado-2-de-mayo-de-2026\/","name":"Silenci! Es roda. Dissabte, 2 de maig de 2026 - Benic\u00e0ssim Turismo","isPartOf":{"@id":"https:\/\/turismo.benicassim.es\/va\/#website"},"primaryImageOfPage":{"@id":"https:\/\/turismo.benicassim.es\/va\/producte\/silencio-se-rueda-sabado-2-de-mayo-de-2026\/#primaryimage"},"image":{"@id":"https:\/\/turismo.benicassim.es\/va\/producte\/silencio-se-rueda-sabado-2-de-mayo-de-2026\/#primaryimage"},"thumbnailUrl":"https:\/\/turismo.benicassim.es\/wp-content\/uploads\/2025\/01\/\u00a1Silencio-Se-rueda.png","datePublished":"2026-04-24T07:48:22+00:00","dateModified":"2026-04-24T08:00:56+00:00","breadcrumb":{"@id":"https:\/\/turismo.benicassim.es\/va\/producte\/silencio-se-rueda-sabado-2-de-mayo-de-2026\/#breadcrumb"},"inLanguage":"ca-CA","potentialAction":[{"@type":"ReadAction","target":["https:\/\/turismo.benicassim.es\/va\/producte\/silencio-se-rueda-sabado-2-de-mayo-de-2026\/"]}]},{"@type":"ImageObject","inLanguage":"ca-CA","@id":"https:\/\/turismo.benicassim.es\/va\/producte\/silencio-se-rueda-sabado-2-de-mayo-de-2026\/#primaryimage","url":"https:\/\/turismo.benicassim.es\/wp-content\/uploads\/2025\/01\/\u00a1Silencio-Se-rueda.png","contentUrl":"https:\/\/turismo.benicassim.es\/wp-content\/uploads\/2025\/01\/\u00a1Silencio-Se-rueda.png","width":760,"height":547},{"@type":"BreadcrumbList","@id":"https:\/\/turismo.benicassim.es\/va\/producte\/silencio-se-rueda-sabado-2-de-mayo-de-2026\/#breadcrumb","itemListElement":[{"@type":"ListItem","position":1,"name":"Inicio","item":"https:\/\/turismo.benicassim.es\/va\/"},{"@type":"ListItem","position":2,"name":"Tenda","item":"https:\/\/turismo.benicassim.es\/va\/tenda\/"},{"@type":"ListItem","position":3,"name":"Silenci! Es roda. Dissabte, 2 de maig de 2026"}]},{"@type":"WebSite","@id":"https:\/\/turismo.benicassim.es\/va\/#website","url":"https:\/\/turismo.benicassim.es\/va\/","name":"Benic\u00e0ssim Turismo","description":"Web de informaci\u00f3n de Turismo en Benicasim","potentialAction":[{"@type":"SearchAction","target":{"@type":"EntryPoint","urlTemplate":"https:\/\/turismo.benicassim.es\/va\/?s={search_term_string}"},"query-input":{"@type":"PropertyValueSpecification","valueRequired":true,"valueName":"search_term_string"}}],"inLanguage":"ca-CA"}]}},"_links":{"self":[{"href":"https:\/\/turismo.benicassim.es\/va\/wp-json\/wp\/v2\/product\/86871","targetHints":{"allow":["GET"]}}],"collection":[{"href":"https:\/\/turismo.benicassim.es\/va\/wp-json\/wp\/v2\/product"}],"about":[{"href":"https:\/\/turismo.benicassim.es\/va\/wp-json\/wp\/v2\/types\/product"}],"wp:featuredmedia":[{"embeddable":true,"href":"https:\/\/turismo.benicassim.es\/va\/wp-json\/wp\/v2\/media\/79714"}],"wp:attachment":[{"href":"https:\/\/turismo.benicassim.es\/va\/wp-json\/wp\/v2\/media?parent=86871"}],"wp:term":[{"taxonomy":"product_brand","embeddable":true,"href":"https:\/\/turismo.benicassim.es\/va\/wp-json\/wp\/v2\/product_brand?post=86871"},{"taxonomy":"product_cat","embeddable":true,"href":"https:\/\/turismo.benicassim.es\/va\/wp-json\/wp\/v2\/product_cat?post=86871"},{"taxonomy":"product_tag","embeddable":true,"href":"https:\/\/turismo.benicassim.es\/va\/wp-json\/wp\/v2\/product_tag?post=86871"}],"curies":[{"name":"wp","href":"https:\/\/api.w.org\/{rel}","templated":true}]}}